{"id":33,"date":"2023-04-06T15:42:51","date_gmt":"2023-04-06T13:42:51","guid":{"rendered":"https:\/\/collectif-cnv-tse.net\/?page_id=33"},"modified":"2024-04-03T17:34:18","modified_gmt":"2024-04-03T15:34:18","slug":"ressources","status":"publish","type":"page","link":"https:\/\/collectif-cnv-tse.net\/?page_id=33","title":{"rendered":"Ressources"},"content":{"rendered":"\n<div class=\"wp-block-uagb-container uagb-block-fc50a81a alignfull uagb-is-root-container\"><\/div>\n\n\n\n<div class=\"wp-block-group is-layout-constrained wp-block-group-is-layout-constrained\">\n<div class=\"wp-block-uagb-container uagb-block-cb5e4e0d alignfull uagb-is-root-container\"><div class=\"uagb-container-inner-blocks-wrap\">\n<div class=\"wp-block-uagb-info-box uagb-block-590310e1 uagb-infobox__content-wrap  uagb-infobox-icon-above-title uagb-infobox-image-valign-top\"><div class=\"uagb-ifb-content\"><div class=\"uagb-ifb-title-wrap\"><h4 class=\"uagb-ifb-title\">Ouvrages de CNV orient\u00e9s vers les questions sociales et \u00e9cologiques<\/h4><\/div><p class=\"uagb-ifb-desc\">On peut consid\u00e9rer que beaucoup de th\u00e8mes contribuent indirectement aux changement sociaux et \u00e9cologiques, mais voici une s\u00e9lection de ceux qui nous semblent le plus orient\u00e9s (liste non exhaustive et r\u00e9guli\u00e8rement mise \u00e0 jour. Si vous connaissez une ressource, n\u2019h\u00e9sitez pas \u00e0 nous \u00e9crire).<br><br><strong>En fran\u00e7ais<\/strong><br><br>&#8211; Vers une \u00e9ducation au service de la vie &#8211; M. B. Rosenberg, Les Ed. de l\u2019Homme, 2007<br>&#8211; Communication et pouvoir, Marshall B Rosenberg, Ed. Esserci, 2008<br>&#8211; Parler de paix dans un monde de conflits, M. B. Rosenberg, Ed Jouvence, 2009<br>&#8211; Clefs pour un monde meilleur, CNV et changement social, Marshall Rosenberg, Jouvence, 2009<br>&#8211; Du JE au NOUS &#8211; L&rsquo;int\u00e9riorit\u00e9 citoyenne : le meilleur de soi au service de tous &#8211; T. d\u2019Ansembourg, \u00c9ditions de l\u2019homme, 2014<br>&#8211; La Communication NonViolente \u00e0 l\u2019usage de ceux qui veulent changer le monde \u2013 Nathalie Achard, Marabout, 2020 Textes ne traitant pas que de CNV (\u00e9crit par des formateurs CNV)<br>&#8211; La paix \u00e7a s\u2019apprend\u00a0! Thomas d\u2019Asembourg, David Van Reynrouck, domaine du possible, acte Sud, 2016<br>&#8211; En finir avec les discriminations, Prendre ses responsabilit\u00e9s et agir, Nathalie Achard Marabout poche psy, 2023 (ancien titre\u00a0: Mon privil\u00e8ge ton oppression, Marabout coll. \u00c9poque \u00e9pique)<br>&#8211; Le th\u00e9\u00e2tre forum-CNV\u00a0: jouer sur sc\u00e8ne, partager des savoirs et agir, Sophie Lewandowski Caroline Filieu Mouhali, 2022, \u00e0 lire sur\u00a0: <a href=\"https:\/\/lemag.ird.fr\/fr\/theatre-forum-jouer-sur-scene-partager-des-savoirs-et-agir\">https:\/\/lemag.ird.fr\/fr\/theatre-forum-jouer-sur-scene-partager-des-savoirs-et-agir<\/a><br>&#8211; Th\u00e9\u00e2tre Forum-CNV sur la s\u00e8cheresse en m\u00e9diterran\u00e9e. Pouvoirs, prises de consciences et savoirs en anthropologie de la performance, Sophie Lewandowski, Philippe Hert, in Le terrain en arts vivants. R\u00e9cits, m\u00e9thodes, pratiques. Coord. N. Gauthard, E. Martin, 2024, <a href=\"https:\/\/lped.fr\/?LewandowskiSophie\">Site<br><\/a>&#8211; Ce que l<strong>\u2019<\/strong>empathie fait \u00e0 la co-construction des savoirs. Th\u00e9\u00e2tre forum-CNV dans des quartiers d\u2019\u00e9ducation \u00ab prioritaire \u00bb &#8211; sophie lewandowski, SociologieS, mai 2024 : Savoirs pluriels. Enjeux \u00e9pist\u00e9mologiques et politiques. <a href=\"https:\/\/lped.fr\/?LewandowskiSophie\">https:\/\/lped.fr\/?LewandowskiSophie<\/a><br><br><strong>En anglais<\/strong><br><br>&#8211; Cracking the communication code, NVC by 42 key differentiations, liv Larson, Katarina Hoffmann, friare liv, 2011<br>&#8211; Anger, Guilt and Sham, reciaiming power and choise, liv Larson, Friare Liv, 2012<br>&#8211; The Little Book of Courageous Living, Miki Kashtan, fearlesheartpublications, 2014<br>&#8211; De nombreux textes publi\u00e9s de Miki Kashtan : <a href=\"https:\/\/thefearlessheart.org\/nvc-reference-materials\/\">https:\/\/thefearlessheart.org\/nvc-reference-materials\/<\/a><br><a href=\"https:\/\/baynvc.org\/projects\/\">https:\/\/baynvc.org\/projects\/<\/a><br><a href=\"https:\/\/nglcommunity.org\/\">https:\/\/nglcommunity.org\/<\/a><br>&#8211; The Antiracist Heart: A Self-Compassion and Activism Handbook, Roxy Manning\u00a0(Auteur),\u00a0Sarah Peyton\u00a0(Auteur),\u00a0Shakti Butler Berrett-Koehler, Publishers, 2023<br>&#8211; Des posts et textes de Roxy Manning\u00a0: <a href=\"https:\/\/roxannemanning.com\/\">https:\/\/roxannemanning.com\/<\/a><\/p><\/div><\/div>\n<\/div><\/div>\n<\/div>\n\n\n\n<div class=\"wp-block-uagb-container uagb-block-79c05c9b alignfull uagb-is-root-container\"><div class=\"uagb-container-inner-blocks-wrap\">\n<div class=\"wp-block-group is-layout-constrained wp-block-group-is-layout-constrained\">\n<div class=\"wp-block-uagb-container uagb-block-a73f506d\">\n<div class=\"wp-block-uagb-info-box uagb-block-7a956671 uagb-infobox__content-wrap  uagb-infobox-icon-above-title uagb-infobox-image-valign-top\"><div class=\"uagb-ifb-content\"><div class=\"uagb-ifb-title-wrap\"><h4 class=\"uagb-ifb-title\">D\u2019autres r\u00e9f\u00e9rences sur la CNV<\/h4><\/div><p class=\"uagb-ifb-desc\"><strong>D\u00e9couvrir et pratiquer<\/strong><br>&#8211; Les mots sont des fen\u00eatres \uff08ou bien ce sont des murs &#8211; Marshall B. Rosenberg, Ed. La D\u00e9couverte, 1999, 2005<br>&#8211; La Communication NonViolente au quotidien &#8211; M. B. Rosenberg, Ed. Jouvence, 2003<br>&#8211; Cessez d\u2019\u00eatre gentil, soyez vrai ! &#8211; Thomas d\u2019Ansembourg, Les Ed. de l\u2019Homme, 2001, 2012, 2013<br>&#8211; \u00catre heureux, ce n\u2019est pas n\u00e9cessairement confortable &#8211; T. d\u2019Ansembourg, Les Editions de l\u2019Homme, 2004<br>&#8211; La communication NonViolente et si on s\u2019\u00e9coutait pour de vrai \u2013 Fran\u00e7oise Keller, Intereditions Poche, 2020<br>&#8211; Exercices pratiques de Communication NonViolente pour accompagner la pratique &#8211; Lucy Leu, Ed. La D\u00e9couverte, 2005<br>&#8211; Pratiquer la Communication NonViolente &#8211; Fran\u00e7oise Keller, InterEditions, 2011<br>&#8211; Petit cahier d\u2019exercices de CNV \u2013 Anne Van Stappen, Jouvence, 2013<br>&#8211; Petit cahier d\u2019exercices\u2013 Anne van Stappen, Jouvence, 2013 : Petit cahier d\u2019exercices de bienveillance envers soi-m\u00eame Petit cahier d\u2019exercices pour cultiver sa joie de vivre au quotidien Petit cahier d&rsquo;exercices pour s&rsquo;affirmer et dire enfin non<br><strong>Conflits<\/strong><br>&#8211; D\u00e9nouer les conflits par la Communication NonViolente, Marshall B. Rosenberg, Gabriele Seil, Ed. Jouvence, 2006<br>&#8211; Nous arriverons \u00e0 nous entendre suivi de Qu\u2019est-ce qui nous met en col\u00e8re ? &#8211; Marshall B. Rosenberg, S. Klein, N. Gibson, Ed. Jouvence, 2005<br>&#8211; Traverser le conflit : Coop\u00e9ration et Communication NonViolente \u2013 Anne-Ga\u00eblle Erard, \u00c9ditions Chronique Sociale,2021<br><strong>Milieu professionnel<\/strong><br>&#8211; Pratiquer la CNV au travail &#8211; Fran\u00e7oise Keller, InterEditions 2013<br>&#8211; Guide pratique de la Communication \u00e0 l\u2019attention des dirigeants et de leurs collaborateurs &#8211; Ike Lasater, Ed. Jouvence, 2011<br>&#8211; Petit cahier d\u2019exercices&nbsp;: se prot\u00e9ger du burn out gr\u00e2ce \u00e0 la CNV \u2013 Anne Van Stappen et Caroline Hanssens, Jouvence, 2019<br><strong>\u00c9ducation<\/strong><br>&#8211; Vers une \u00e9ducation au service de la vie &#8211; M. B. Rosenberg, Les Ed. de l\u2019Homme, 2007<br>&#8211; Eduquer sans punition ni r\u00e9compense &#8211; Jean-Philippe Faure, Ed. Jouvence, 2005<br>&#8211; Eduquer avec bienveillance &#8211; Marshall B. Rosenberg, Ed. Jouvence, 2006<br>&#8211; \u00catre parent avec son c\u0153ur &#8211; Inbal Kashatan, Ed. Jouvence 2006<br>&#8211; Petit cahier d\u2019exercices de CNV avec les enfants \u2013 Anne Van Stappen et Catherine Blondiau, Jouvence, 2017<br><strong>Couple et amiti\u00e9<\/strong><br>&#8211; \u00catre vraiment soi, aimer pleinement l&rsquo;autre &#8211; M. B. Rosenberg, Jouvence, 2011<br>&#8211; Le couple, chemin d\u2019\u00e9coute et de partage &#8211; J.P. Faure, Ed. Jouvence, 2007 Divers<br>&#8211; L\u2019empathie, le pouvoir de l\u2019accueil &#8211; Jean Philippe Faure, C\u00e9line Girardet, Ed. Jouvence, 2003<br>&#8211; Reflections on Living Compassion : Awakening Our Passion and Living in Compassion, Gonzales Robert, Balboa Press, 2020<br>&#8211; Ne marche pas si tu peux danser &#8211; Anne Van Stappen, Ed. Jouvence, 2009<br>&#8211; Qui fuis-je ? O\u00f9 cours-tu ? A quoi servons-nous ? &#8211; T. d\u2019Ansembourg, Les Editions de l\u2019Homme, 2008<br>&#8211; Quand la girafe danse avec le chacal &#8211; Serena Rust, Ed. Jouvence, 2009<\/p><\/div><\/div>\n\n\n\n<div class=\"wp-block-uagb-info-box uagb-block-cd770c5f uagb-infobox__content-wrap  uagb-infobox-icon-above-title uagb-infobox-image-valign-top\"><div class=\"uagb-ifb-content\"><div class=\"uagb-ifb-title-wrap\"><h4 class=\"uagb-ifb-title\">Vid\u00e9os et audio CNV sur les changements sociaux et \u00e9cologiques<\/h4><\/div><p class=\"uagb-ifb-desc\"><br>On peut consid\u00e9rer que beaucoup de th\u00e8mes contribuent indirectement aux changement sociaux et \u00e9cologiques, mais voici une s\u00e9lection de ceux qui nous semble le plus orient\u00e9s (liste non exhaustive et r\u00e9guli\u00e8rement mise \u00e0 jour. Si vous connaissez une ressource, n\u2019h\u00e9sitez pas \u00e0 nous \u00e9crire).<br><br><strong>INTERVIEUW de MB Rosenberg<\/strong>, de formateurs et d\u2019 acteurs<br>&#8211; MB Rosenberg NonViolent Communication, DVD 12-13\u00a0: \u00ab\u00a0Social Change\u00a0\u00bb, Session 1 &amp; 2, ed P Piront 2011<br>&#8211; \u201cA Path with Heart\u201d : 25 Interviews on Nonviolent Communication and Social Change by Cascadia Workshops, Alan Seid, 2014ET<br>&#8211; Ainsi que diff\u00e9rentes vid\u00e9os accessibles sur youtubes et autres m\u00e9dias<br><br><strong>APPROCHE JUSTICE RESTAURATIVE<\/strong>\u00a0: syst\u00e8mes, pratiques et cercles (cr\u00e9\u00e9e par D Barter au Br\u00e9sil \u00e0 partir de la CNV)\u00a0:<br>&#8211; https:\/\/www.cerclesrestauratifs.org\/wiki\/Dominic_Barter<br>&#8211; \u00ab\u00a0Je verrai toujours vos visages\u00a0\u00bb de\u00a0Jeanne Herry\u00a0(au cin\u00e9ma et en achat en ligne)<br><br><strong>CNV EN EDUCATION<\/strong> \uff08cela reste une clef pour les transformations de long court\uff09<br>&#8211; Chaine YOU TUBE de D\u00e9clic CNV &amp; Education <a href=\"https:\/\/www.youtube.com\/watch?v=2DqaQXzx7oU&amp;feature=youtu.be\">https:\/\/www.youtube.com\/watch?v=2DqaQXzx7oU&amp;feature=youtu.be<\/a><br>&#8211; Enjeux des apprentissages sociaux \u00e9motionnels comme la CNV : \u00ab\u00a0Quels savoirs pour demain\u00a0? Education et formation socio-\u00e9motionelle\u00a0\u00bb, produit par Sophie Lewandowski, 2021 IRD, LPED, 5 mn<br><br><strong>PROJETS DE TERRAIN<\/strong> (films documentaires) \u00a0:<br>&#8211; CNV dans une \u00e9cole\u00a0 \u00ab\u00a0Ces profs qui changent l&rsquo;\u00e9cole\u00a0\u00bb, r\u00e9alis\u00e9 par Genevi\u00e8ve Roger et produit par Sweetdream<br>&#8211; Th\u00e9\u00e2tre forum-CNV et autres approches dans un quartier de Marseille sur l\u2019\u00e9ducation\u00a0: \u00ab\u00a0\u00c9cole, famille, quartier\u00a0\u00bb, r\u00e9alis\u00e9 par Clotilde O\u2019Deye C. et Sophie Lewandowski, 33 mn, 2022\u00a0: Th\u00e9\u00e2tre forum-CNV : de 14 mn 42 \u00e0 25 mn 20.<br>&#8211; CNV dans les prisons \u00ab\u00a0Ces mots qui lib\u00e8rent\u00a0\u00bb, r\u00e9alis\u00e9 par Genevi\u00e8ve Roger, produit par Sweetdream<br>&#8211; CNV et processus de paix israelo-palestinien \u00ab\u00a0Ces femmes qui osent la paix\u00a0\u00bb, r\u00e9alis\u00e9 par Genevi\u00e8ve Roger, produit par Sweetdream<br>&#8211; Th\u00e9\u00e2tre forum-CNV et conflits relatifs \u00e0 l\u2019eau \u00ab\u00a0S\u00e9cheresse dans le Lub\u00e9ron\u00a0: th\u00e9\u00e2tre forum, CNV et recherche-action\u00a0\u00bb, r\u00e9alis\u00e9 par Sophie Lewandowski, Philippe Hert et Fran\u00e7ois Siino, juin 2022, 22\u00a0mn, youtubes : <a href=\"https:\/\/www.youtube.com\/channel\/UCr8gXOQN-HrkrxP72I8bAwA\">sophielewandowskicnvrecherche<br><\/a>&#8211; CNV et intelligence collective en milieu professionnel et recherche \u00ab\u00a0Le savoir en partage. Exp\u00e9riences coop\u00e9ratives dans un laboratoire de recherche\u00a0\u00bb, r\u00e9alis\u00e9 par Sophie Lewandowski, produit par LPED, IRD, 2019, 30mn (ou capsules), youtubes :  <a href=\"https:\/\/www.youtube.com\/channel\/UCr8gXOQN-HrkrxP72I8bAwA\">sophielewandowskicnvrecherche<\/a><\/p><\/div><\/div>\n<\/div>\n<\/div>\n<\/div><\/div>\n","protected":false},"excerpt":{"rendered":"","protected":false},"author":1,"featured_media":0,"parent":0,"menu_order":0,"comment_status":"closed","ping_status":"closed","template":"","meta":{"_uag_custom_page_level_css":"","site-sidebar-layout":"default","site-content-layout":"","ast-site-content-layout":"default","site-content-style":"default","site-sidebar-style":"default","ast-global-header-display":"","ast-banner-title-visibility":"","ast-main-header-display":"","ast-hfb-above-header-display":"","ast-hfb-below-header-display":"","ast-hfb-mobile-header-display":"","site-post-title":"disabled","ast-breadcrumbs-content":"","ast-featured-img":"","footer-sml-layout":"","ast-disable-related-posts":"","theme-transparent-header-meta":"","adv-header-id-meta":"","stick-header-meta":"","header-above-stick-meta":"","header-main-stick-meta":"","header-below-stick-meta":"","astra-migrate-meta-layouts":"set","ast-page-background-enabled":"default","ast-page-background-meta":{"desktop":{"background-color":"var(--ast-global-color-4)","background-image":"","background-repeat":"repeat","background-position":"center center","background-size":"auto","background-attachment":"scroll","background-type":"","background-media":"","overlay-type":"","overlay-color":"","overlay-opacity":"","overlay-gradient":""},"tablet":{"background-color":"","background-image":"","background-repeat":"repeat","background-position":"center center","background-size":"auto","background-attachment":"scroll","background-type":"","background-media":"","overlay-type":"","overlay-color":"","overlay-opacity":"","overlay-gradient":""},"mobile":{"background-color":"","background-image":"","background-repeat":"repeat","background-position":"center center","background-size":"auto","background-attachment":"scroll","background-type":"","background-media":"","overlay-type":"","overlay-color":"","overlay-opacity":"","overlay-gradient":""}},"ast-content-background-meta":{"desktop":{"background-color":"var(--ast-global-color-5)","background-image":"","background-repeat":"repeat","background-position":"center center","background-size":"auto","background-attachment":"scroll","background-type":"","background-media":"","overlay-type":"","overlay-color":"","overlay-opacity":"","overlay-gradient":""},"tablet":{"background-color":"var(--ast-global-color-5)","background-image":"","background-repeat":"repeat","background-position":"center center","background-size":"auto","background-attachment":"scroll","background-type":"","background-media":"","overlay-type":"","overlay-color":"","overlay-opacity":"","overlay-gradient":""},"mobile":{"background-color":"var(--ast-global-color-5)","background-image":"","background-repeat":"repeat","background-position":"center center","background-size":"auto","background-attachment":"scroll","background-type":"","background-media":"","overlay-type":"","overlay-color":"","overlay-opacity":"","overlay-gradient":""}},"footnotes":""},"class_list":["post-33","page","type-page","status-publish","hentry"],"uagb_featured_image_src":{"full":false,"thumbnail":false,"medium":false,"medium_large":false,"large":false,"1536x1536":false,"2048x2048":false},"uagb_author_info":{"display_name":"cnvtseadmin","author_link":"https:\/\/collectif-cnv-tse.net\/?author=1"},"uagb_comment_info":0,"uagb_excerpt":null,"_links":{"self":[{"href":"https:\/\/collectif-cnv-tse.net\/index.php?rest_route=\/wp\/v2\/pages\/33","targetHints":{"allow":["GET"]}}],"collection":[{"href":"https:\/\/collectif-cnv-tse.net\/index.php?rest_route=\/wp\/v2\/pages"}],"about":[{"href":"https:\/\/collectif-cnv-tse.net\/index.php?rest_route=\/wp\/v2\/types\/page"}],"author":[{"embeddable":true,"href":"https:\/\/collectif-cnv-tse.net\/index.php?rest_route=\/wp\/v2\/users\/1"}],"replies":[{"embeddable":true,"href":"https:\/\/collectif-cnv-tse.net\/index.php?rest_route=%2Fwp%2Fv2%2Fcomments&post=33"}],"version-history":[{"count":23,"href":"https:\/\/collectif-cnv-tse.net\/index.php?rest_route=\/wp\/v2\/pages\/33\/revisions"}],"predecessor-version":[{"id":2227,"href":"https:\/\/collectif-cnv-tse.net\/index.php?rest_route=\/wp\/v2\/pages\/33\/revisions\/2227"}],"wp:attachment":[{"href":"https:\/\/collectif-cnv-tse.net\/index.php?rest_route=%2Fwp%2Fv2%2Fmedia&parent=33"}],"curies":[{"name":"wp","href":"https:\/\/api.w.org\/{rel}","templated":true}]}}