{"id":1326,"date":"2022-02-24T05:04:17","date_gmt":"2022-02-24T05:04:17","guid":{"rendered":"https:\/\/collectif-cnv-tse.net\/?page_id=1326"},"modified":"2024-04-03T17:19:28","modified_gmt":"2024-04-03T15:19:28","slug":"services","status":"publish","type":"page","link":"https:\/\/collectif-cnv-tse.net\/?page_id=1326","title":{"rendered":"Actions"},"content":{"rendered":"\n<div class=\"wp-block-uagb-container uagb-block-ae0bc409 alignfull uagb-is-root-container\">\n<div class=\"wp-block-uagb-advanced-heading uagb-block-59973544\"><\/div>\n<\/div>\n\n\n\n<div class=\"wp-block-uagb-info-box uagb-block-1f92e4c2 uagb-infobox__content-wrap  uagb-infobox-icon-above-title uagb-infobox-image-valign-top\"><div class=\"uagb-ifb-content\"><div class=\"uagb-ifb-title-wrap\"><h2 class=\"uagb-ifb-title\">NOS ACTIONS<\/h2><\/div><\/div><\/div>\n\n\n\n<div class=\"wp-block-uagb-container uagb-block-d3ff900c alignfull uagb-is-root-container\"><div class=\"uagb-container-inner-blocks-wrap\">\n<div class=\"wp-block-uagb-container uagb-block-b21a4ad9\">\n<figure class=\"wp-block-image size-large\"><img loading=\"lazy\" decoding=\"async\" width=\"1024\" height=\"1024\" src=\"https:\/\/collectif-cnv-tse.net\/wp-content\/uploads\/2023\/08\/pexels-maksim-romashkin-6152103-1024x1024.jpg\" alt=\"\" class=\"wp-image-1873\" srcset=\"https:\/\/collectif-cnv-tse.net\/wp-content\/uploads\/2023\/08\/pexels-maksim-romashkin-6152103-1024x1024.jpg 1024w, https:\/\/collectif-cnv-tse.net\/wp-content\/uploads\/2023\/08\/pexels-maksim-romashkin-6152103-300x300.jpg 300w, https:\/\/collectif-cnv-tse.net\/wp-content\/uploads\/2023\/08\/pexels-maksim-romashkin-6152103-150x150.jpg 150w, https:\/\/collectif-cnv-tse.net\/wp-content\/uploads\/2023\/08\/pexels-maksim-romashkin-6152103-768x768.jpg 768w, https:\/\/collectif-cnv-tse.net\/wp-content\/uploads\/2023\/08\/pexels-maksim-romashkin-6152103-1536x1536.jpg 1536w, https:\/\/collectif-cnv-tse.net\/wp-content\/uploads\/2023\/08\/pexels-maksim-romashkin-6152103-2048x2048.jpg 2048w\" sizes=\"auto, (max-width: 1024px) 100vw, 1024px\" \/><\/figure>\n<\/div>\n\n\n\n<div class=\"wp-block-uagb-container uagb-block-68c6976e\">\n<div class=\"wp-block-uagb-info-box uagb-block-f31de69f uagb-infobox__content-wrap  uagb-infobox-icon-above-title uagb-infobox-image-valign-top\"><div class=\"uagb-ifb-content\"><div class=\"uagb-ifb-title-wrap\"><h4 class=\"uagb-ifb-title\">S&rsquo;entrainer<\/h4><\/div><p class=\"uagb-ifb-desc\"><strong>Pratiques&nbsp;<\/strong><br>Faire ou refaire des pratiques de CNV appliqu\u00e9e aux changements social et \u00e9cologique (existantes sur ces th\u00e8mes, sur d\u2019autres th\u00e8mes transpos\u00e9s aux questions sociales et \u00e9cologiques), co-cr\u00e9er des exercices et les pratiquer\u2026<br><strong>Textes, vid\u00e9os&nbsp;<\/strong><br>Animation des \u00e9changes \u00e0 partir&nbsp;:<br>1\/ de Marshall Rosenberg et personnes issus du r\u00e9seau CNV \u00e0 l&rsquo;international,<br>2\/ des personnages inspirants de l\u2019action non violente, de l\u2019\u00e9mancipation et de la transition \u00e9cologique non violente,<br>3\/ d\u2019auteurs et mouvements actuels d\u2019action non violente qui nous inspirent <\/p><\/div><\/div>\n<\/div>\n<\/div><\/div>\n\n\n\n<div class=\"wp-block-uagb-container uagb-block-f6101ad1 alignfull uagb-is-root-container\"><div class=\"uagb-container-inner-blocks-wrap\">\n<div class=\"wp-block-uagb-container uagb-block-fac383d6\">\n<div class=\"wp-block-uagb-info-box uagb-block-3af5f87f uagb-infobox__content-wrap  uagb-infobox-icon-above-title uagb-infobox-image-valign-top\"><div class=\"uagb-ifb-content\"><div class=\"uagb-ifb-title-wrap\"><h4 class=\"uagb-ifb-title\">S&rsquo;entraider<\/h4><\/div><p class=\"uagb-ifb-desc\"><strong>Soutien \u00e0 l\u2018action&nbsp;des membres<\/strong> <br>Une personne pr\u00e9sente un projet dans lequel elle est engag\u00e9e ou souhaite s\u2019engager et fait une demande de soutien au groupe (co-d\u00e9veloppement-CNV, \u00e9coute empathique, jeux de r\u00f4le, recherche et partage d\u2019informations, de personnes contacts, de financements, coaching, id\u00e9es, feedback\u2026) soit pour une s\u00e9ance collective, soit hors s\u00e9ance sur un temps plus long avec les personnes int\u00e9ress\u00e9es par le projet.<br><strong>Soutien aux membres <\/strong><br>Nous nous soutenons mutuellement sur le long terme dans notre cheminement au service de la transformation int\u00e9rieure, sociale et \u00e9cologique.<br>1\/ <strong>un groupe de soutien \u00e0 la demande<\/strong> (via Whatsapp) o\u00f9 chacun(e) peut \u00e0 tout moment demander : <br>&#8211; une s\u00e9ance de CODEV-CNV sur un projet\/engagement TSE <br>&#8211; de l&#8217;empathie personnelle ET SYSTEMIQUE sur un engagement\/sujet TSE<br>2\/ <strong>un week end AUTOGERE de visu par an <\/strong>(avec 2h en visio pour ceux qui ne peuvent pas se d\u00e9placer) : chez l&rsquo;un d&rsquo;entre nous qui a de l\u2019espace (autogestion pour les transports, la nourriture, et l\u2019animation).<\/p><\/div><\/div>\n<\/div>\n\n\n\n<div class=\"wp-block-uagb-container uagb-block-dee76d09\">\n<figure class=\"wp-block-image size-large is-resized\"><img loading=\"lazy\" decoding=\"async\" width=\"683\" height=\"1024\" src=\"https:\/\/collectif-cnv-tse.net\/wp-content\/uploads\/2023\/08\/pexels-alexander-suhorucov-6457564-683x1024.jpg\" alt=\"\" class=\"wp-image-1874\" style=\"object-fit:cover;width:600px;height:600px\" srcset=\"https:\/\/collectif-cnv-tse.net\/wp-content\/uploads\/2023\/08\/pexels-alexander-suhorucov-6457564-683x1024.jpg 683w, https:\/\/collectif-cnv-tse.net\/wp-content\/uploads\/2023\/08\/pexels-alexander-suhorucov-6457564-200x300.jpg 200w, https:\/\/collectif-cnv-tse.net\/wp-content\/uploads\/2023\/08\/pexels-alexander-suhorucov-6457564-768x1152.jpg 768w, https:\/\/collectif-cnv-tse.net\/wp-content\/uploads\/2023\/08\/pexels-alexander-suhorucov-6457564-1024x1536.jpg 1024w, https:\/\/collectif-cnv-tse.net\/wp-content\/uploads\/2023\/08\/pexels-alexander-suhorucov-6457564-1365x2048.jpg 1365w, https:\/\/collectif-cnv-tse.net\/wp-content\/uploads\/2023\/08\/pexels-alexander-suhorucov-6457564-scaled.jpg 1706w\" sizes=\"auto, (max-width: 683px) 100vw, 683px\" \/><\/figure>\n<\/div>\n<\/div><\/div>\n\n\n\n<div class=\"wp-block-uagb-info-box uagb-block-95c2f9e2 uagb-infobox__content-wrap  uagb-infobox-icon-above-title uagb-infobox-image-valign-top\"><div class=\"uagb-ifb-content\"><div class=\"uagb-ifb-title-wrap\"><h4 class=\"uagb-ifb-title\">Agir <\/h4><\/div><p class=\"uagb-ifb-desc\">Recherche &amp; plaidoyer pour mettre la CNV au service de la transformation sociale et \u00e9cologique<br>Nous agissons :<br> 1\/ en communiquant : nous proposons des d\u00e9bats <br>2\/ sur le terrain : dans des projets concrets port\u00e9s par des membres du collectif.<br><\/p><\/div><\/div>\n\n\n\n<div class=\"wp-block-uagb-info-box uagb-block-625a6634 uagb-infobox__content-wrap  uagb-infobox-icon-above-title uagb-infobox-image-valign-top\"><div class=\"uagb-ifb-content\"><div class=\"uagb-ifb-title-wrap\"><h3 class=\"uagb-ifb-title\">&#8211; En Communiquant &#8211;<\/h3><\/div><p class=\"uagb-ifb-desc\"><br>Sous diff\u00e9rentes formes nous posons la question  : <br>\u00e0 quelles conditions la CNV et la non-violence peuvent \u00eatre -ou non- au service des transformations des syst\u00e8mes sociaux et \u00e9cologiques ?<br><strong>1\/<\/strong> <strong>un webinaire par an<\/strong> <br><strong>2\/ diff\u00e9rentes formes propos\u00e9es au fil de l&rsquo;eau : <\/strong>caf\u00e9 empathie, happening artistiques&#8230;<\/p><\/div><\/div>\n\n\n\n<div class=\"wp-block-uagb-info-box uagb-block-fadc828e uagb-infobox__content-wrap  uagb-infobox-icon-above-title uagb-infobox-image-valign-top\"><div class=\"uagb-ifb-content\"><div class=\"uagb-ifb-title-wrap\"><h3 class=\"uagb-ifb-title\">&#8211; <mark style=\"background-color:rgba(0, 0, 0, 0)\" class=\"has-inline-color has-ast-global-color-2-color\">Sur le Terrain<\/mark> &#8211;<\/h3><\/div><p class=\"uagb-ifb-desc\">Voici des exemples de projets port\u00e9s par les membres de CNV-TSE :<\/p><\/div><\/div>\n\n\n\n<div class=\"wp-block-uagb-container uagb-block-84a3c165 alignfull uagb-is-root-container\"><div class=\"uagb-container-inner-blocks-wrap\">\n<div class=\"wp-block-uagb-container uagb-block-d6b55833\">\n<div class=\"wp-block-uagb-info-box uagb-block-52d9dacc uagb-infobox__content-wrap  uagb-infobox-icon-above-title uagb-infobox-image-valign-top\"><div class=\"uagb-ifb-content\"><div class=\"uagb-ifb-image-content\"><img decoding=\"async\" src=\"https:\/\/collectif-cnv-tse.net\/wp-content\/uploads\/2024\/04\/emilie-chapuis-150x150.webp\" alt=\"\" width=\"150\" height=\"150\" loading=\"lazy\"\/><\/div><div class=\"uagb-ifb-title-wrap\"><h3 class=\"uagb-ifb-title\">Emilie Chapuis<\/h3><\/div><p class=\"uagb-ifb-desc\">Changer les collectifs de CNV (France)<\/p><\/div><\/div>\n<\/div>\n\n\n\n<div class=\"wp-block-uagb-container uagb-block-fce85ac0\">\n<div class=\"wp-block-uagb-info-box uagb-block-f1ad0497 uagb-infobox__content-wrap  uagb-infobox-icon-above-title uagb-infobox-image-valign-top\"><div class=\"uagb-ifb-content\"><div class=\"uagb-ifb-image-content\"><img decoding=\"async\" src=\"https:\/\/collectif-cnv-tse.net\/wp-content\/uploads\/2023\/08\/leontine-150x150.jpg\" alt=\"\" width=\"150\" height=\"150\" loading=\"lazy\"\/><\/div><div class=\"uagb-ifb-title-wrap\"><h3 class=\"uagb-ifb-title\">L\u00e9ontine Keijzer-Gango<\/h3><\/div><p class=\"uagb-ifb-desc\">Jeunes acteurs de Paix (Burkina Faso)<\/p><\/div><\/div>\n<\/div>\n\n\n\n<div class=\"wp-block-uagb-container uagb-block-89f9a960\">\n<div class=\"wp-block-uagb-info-box uagb-block-6f90cf47 uagb-infobox__content-wrap  uagb-infobox-icon-above-title uagb-infobox-image-valign-top\"><div class=\"uagb-ifb-content\"><div class=\"uagb-ifb-image-content\"><img decoding=\"async\" src=\"https:\/\/collectif-cnv-tse.net\/wp-content\/uploads\/2024\/04\/tla-carre-150x150.jpg\" alt=\"\" width=\"150\" height=\"150\" loading=\"lazy\"\/><\/div><div class=\"uagb-ifb-title-wrap\"><h3 class=\"uagb-ifb-title\">Tarik Lara\u00efchi<\/h3><\/div><p class=\"uagb-ifb-desc\">Entreprises autrement (Maroc, Belgique)<\/p><\/div><\/div>\n<\/div>\n\n\n\n<div class=\"wp-block-uagb-container uagb-block-3d595f27\">\n<div class=\"wp-block-group is-layout-constrained wp-block-group-is-layout-constrained\">\n<div class=\"wp-block-uagb-info-box uagb-block-1953f021 uagb-infobox__content-wrap  uagb-infobox-icon-above-title uagb-infobox-image-valign-top\"><div class=\"uagb-ifb-content\"><div class=\"uagb-ifb-image-content\"><img decoding=\"async\" src=\"https:\/\/collectif-cnv-tse.net\/wp-content\/uploads\/2023\/08\/2-150x150.jpg\" alt=\"\" width=\"150\" height=\"150\" loading=\"lazy\"\/><\/div><div class=\"uagb-ifb-title-wrap\"><h3 class=\"uagb-ifb-title\">Clothilde Dumont<\/h3><\/div><p class=\"uagb-ifb-desc\">Education lib\u00e9r\u00e9e (Maroc et Belgique)<br><\/p><\/div><\/div>\n\n\n\n<div class=\"wp-block-group is-layout-constrained wp-block-group-is-layout-constrained\">\n<div class=\"wp-block-uagb-info-box uagb-block-45106198 uagb-infobox__content-wrap  uagb-infobox-icon-above-title uagb-infobox-image-valign-top\"><div class=\"uagb-ifb-content\"><div class=\"uagb-ifb-image-content\"><img decoding=\"async\" src=\"https:\/\/collectif-cnv-tse.net\/wp-content\/uploads\/2024\/04\/patrick-laigneau-150x150.jpeg\" alt=\"\" width=\"150\" height=\"150\" loading=\"lazy\"\/><\/div><div class=\"uagb-ifb-title-wrap\"><h3 class=\"uagb-ifb-title\"><strong>Patrick Laigneau<\/strong><\/h3><\/div><p class=\"uagb-ifb-desc\">Conflits, traumas et am\u00e9nagement du territoire relatifs \u00e0 l\u2019eau (France, Br\u00e9sil)<\/p><\/div><\/div>\n<\/div>\n<\/div>\n\n\n\n<div class=\"wp-block-uagb-info-box uagb-block-1990d821 uagb-infobox__content-wrap  uagb-infobox-icon-above-title uagb-infobox-image-valign-top\"><div class=\"uagb-ifb-content\"><div class=\"uagb-ifb-image-content\"><img decoding=\"async\" src=\"https:\/\/collectif-cnv-tse.net\/wp-content\/uploads\/2024\/04\/muriel-forius-150x150.jpg\" alt=\"\" width=\"150\" height=\"150\" loading=\"lazy\"\/><\/div><div class=\"uagb-ifb-title-wrap\"><h3 class=\"uagb-ifb-title\"><strong>Muriel Gorius<\/strong><\/h3><\/div><p class=\"uagb-ifb-desc\">Th\u00e9\u00e2tre chic, th\u00e9\u00e2tre choc: le th\u00e9\u00e2tre qui r\u00e9veille dans tous les milieux (France)<\/p><\/div><\/div>\n<\/div>\n\n\n\n<div class=\"wp-block-uagb-container uagb-block-a56f1d09\">\n<div class=\"wp-block-uagb-info-box uagb-block-256a9bc0 uagb-infobox__content-wrap  uagb-infobox-icon-above-title uagb-infobox-image-valign-top\"><div class=\"uagb-ifb-content\"><div class=\"uagb-ifb-image-content\"><img decoding=\"async\" src=\"https:\/\/collectif-cnv-tse.net\/wp-content\/uploads\/2023\/08\/haloisa-150x150.jpeg\" alt=\"\" width=\"150\" height=\"150\" loading=\"lazy\"\/><\/div><div class=\"uagb-ifb-title-wrap\"><h3 class=\"uagb-ifb-title\">Heloisa Gravina<\/h3><\/div><p class=\"uagb-ifb-desc\">Sortir des discriminations (France, Br\u00e9sil)<br><\/p><\/div><\/div>\n\n\n\n<div class=\"wp-block-uagb-info-box uagb-block-74ed14f4 uagb-infobox__content-wrap  uagb-infobox-icon-above-title uagb-infobox-image-valign-top\"><div class=\"uagb-ifb-content\"><div class=\"uagb-ifb-image-content\"><img decoding=\"async\" src=\"https:\/\/collectif-cnv-tse.net\/wp-content\/uploads\/2024\/04\/cissao-tamba-150x150.jpeg\" alt=\"\" width=\"150\" height=\"150\" loading=\"lazy\"\/><\/div><div class=\"uagb-ifb-title-wrap\"><h3 class=\"uagb-ifb-title\"><strong>Cissao Tamba<\/strong><\/h3><\/div><p class=\"uagb-ifb-desc\">Processus de paix \uff08Casamance \/ S\u00e9n\u00e9gal\uff09<br><\/p><\/div><\/div>\n\n\n\n<div class=\"wp-block-uagb-info-box uagb-block-6203ddc4 uagb-infobox__content-wrap  uagb-infobox-icon-above-title uagb-infobox-image-valign-top\"><div class=\"uagb-ifb-content\"><div class=\"uagb-ifb-image-content\"><img decoding=\"async\" src=\"https:\/\/collectif-cnv-tse.net\/wp-content\/uploads\/2024\/04\/frederique-pelletier-150x150.jpg\" alt=\"\" width=\"150\" height=\"150\" loading=\"lazy\"\/><\/div><div class=\"uagb-ifb-title-wrap\"><h3 class=\"uagb-ifb-title\"><strong>Fr\u00e9d\u00e9rique Pelletier<\/strong><\/h3><\/div><p class=\"uagb-ifb-desc\">Oasis \u00e9cologique et solidarit\u00e9 sociale \uff08Guadeloupe\uff09<\/p><\/div><\/div>\n<\/div>\n\n\n\n<div class=\"wp-block-uagb-container uagb-block-03923dce\">\n<div class=\"wp-block-uagb-info-box uagb-block-77e60631 uagb-infobox__content-wrap  uagb-infobox-icon-above-title uagb-infobox-image-valign-top\"><div class=\"uagb-ifb-content\"><div class=\"uagb-ifb-image-content\"><img decoding=\"async\" src=\"https:\/\/collectif-cnv-tse.net\/wp-content\/uploads\/2023\/08\/sophiue-150x150.png\" alt=\"\" width=\"150\" height=\"150\" loading=\"lazy\"\/><\/div><div class=\"uagb-ifb-title-wrap\"><h3 class=\"uagb-ifb-title\">Sophie Lewandowski<\/h3><\/div><p class=\"uagb-ifb-desc\">Concertations territoriales (\u00e9ducation, environnement) <\/p><\/div><\/div>\n\n\n\n<div class=\"wp-block-uagb-info-box uagb-block-6bbe78b2 uagb-infobox__content-wrap  uagb-infobox-icon-above-title uagb-infobox-image-valign-top\"><div class=\"uagb-ifb-content\"><div class=\"uagb-ifb-image-content\"><img decoding=\"async\" src=\"https:\/\/collectif-cnv-tse.net\/wp-content\/uploads\/2024\/04\/samuel-turakiewicz-150x150.jpeg\" alt=\"\" width=\"150\" height=\"150\" loading=\"lazy\"\/><\/div><div class=\"uagb-ifb-title-wrap\"><h3 class=\"uagb-ifb-title\"><strong>Samuel Turakiewicz<\/strong><\/h3><\/div><p class=\"uagb-ifb-desc\">R\u00e9silience et paix en prison (France)<\/p><\/div><\/div>\n\n\n\n<div class=\"wp-block-uagb-info-box uagb-block-2be1be91 uagb-infobox__content-wrap  uagb-infobox-icon-above-title uagb-infobox-image-valign-top\"><div class=\"uagb-ifb-content\"><div class=\"uagb-ifb-image-content\"><img decoding=\"async\" src=\"https:\/\/collectif-cnv-tse.net\/wp-content\/uploads\/2024\/04\/violaine-felten-150x150.jpeg\" alt=\"\" width=\"150\" height=\"150\" loading=\"lazy\"\/><\/div><div class=\"uagb-ifb-title-wrap\"><h3 class=\"uagb-ifb-title\"><strong>Violaine Felten<\/strong><\/h3><\/div><p class=\"uagb-ifb-desc\">Radio libre (Bolivie)<br><\/p><\/div><\/div>\n<\/div>\n\n\n\n<p class=\"has-text-align-center\">&#8230; Lusia Markos Shammas\u00a0:\u00a0reconstruction et Paix (Irak),\u00a0El\u00e9onore D\u00e9taint\u00a0: transformer les r\u00e9cits et les organisations (France), Sabine Feuillet\u00a0:\u00a0conscientiser et sortir de la supr\u00e9matie blanche (France), Erika Leclerc-Marceau : docu-spectacles humoristiques\u00a0sur\u00a0nos (non)violences ordinaires\u00a0(France, Canada)&#8230;<\/p>\n\n\n\n<p><\/p>\n\n\n\n<p><\/p>\n\n\n\n<p><\/p>\n\n\n\n<p><\/p>\n<\/div><\/div>\n","protected":false},"excerpt":{"rendered":"<p>&#8230; Lusia Markos Shammas\u00a0:\u00a0reconstruction et Paix (Irak),\u00a0El\u00e9onore D\u00e9taint\u00a0: transformer les r\u00e9cits et les organisations (France), Sabine Feuillet\u00a0:\u00a0conscientiser et sortir de la supr\u00e9matie blanche (France), Erika Leclerc-Marceau : docu-spectacles humoristiques\u00a0sur\u00a0nos (non)violences ordinaires\u00a0(France, Canada)&#8230;<\/p>\n","protected":false},"author":1,"featured_media":0,"parent":0,"menu_order":0,"comment_status":"closed","ping_status":"closed","template":"","meta":{"_uag_custom_page_level_css":"","site-sidebar-layout":"no-sidebar","site-content-layout":"page-builder","ast-site-content-layout":"full-width-container","site-content-style":"unboxed","site-sidebar-style":"unboxed","ast-global-header-display":"","ast-banner-title-visibility":"","ast-main-header-display":"","ast-hfb-above-header-display":"","ast-hfb-below-header-display":"","ast-hfb-mobile-header-display":"","site-post-title":"disabled","ast-breadcrumbs-content":"","ast-featured-img":"disabled","footer-sml-layout":"","ast-disable-related-posts":"","theme-transparent-header-meta":"enabled","adv-header-id-meta":"","stick-header-meta":"","header-above-stick-meta":"","header-main-stick-meta":"","header-below-stick-meta":"","astra-migrate-meta-layouts":"set","ast-page-background-enabled":"default","ast-page-background-meta":{"desktop":{"background-color":"var(--ast-global-color-4)","background-image":"","background-repeat":"repeat","background-position":"center center","background-size":"auto","background-attachment":"scroll","background-type":"","background-media":"","overlay-type":"","overlay-color":"","overlay-opacity":"","overlay-gradient":""},"tablet":{"background-color":"","background-image":"","background-repeat":"repeat","background-position":"center center","background-size":"auto","background-attachment":"scroll","background-type":"","background-media":"","overlay-type":"","overlay-color":"","overlay-opacity":"","overlay-gradient":""},"mobile":{"background-color":"","background-image":"","background-repeat":"repeat","background-position":"center center","background-size":"auto","background-attachment":"scroll","background-type":"","background-media":"","overlay-type":"","overlay-color":"","overlay-opacity":"","overlay-gradient":""}},"ast-content-background-meta":{"desktop":{"background-color":"var(--ast-global-color-5)","background-image":"","background-repeat":"repeat","background-position":"center center","background-size":"auto","background-attachment":"scroll","background-type":"","background-media":"","overlay-type":"","overlay-color":"","overlay-opacity":"","overlay-gradient":""},"tablet":{"background-color":"var(--ast-global-color-5)","background-image":"","background-repeat":"repeat","background-position":"center center","background-size":"auto","background-attachment":"scroll","background-type":"","background-media":"","overlay-type":"","overlay-color":"","overlay-opacity":"","overlay-gradient":""},"mobile":{"background-color":"var(--ast-global-color-5)","background-image":"","background-repeat":"repeat","background-position":"center center","background-size":"auto","background-attachment":"scroll","background-type":"","background-media":"","overlay-type":"","overlay-color":"","overlay-opacity":"","overlay-gradient":""}},"footnotes":""},"class_list":["post-1326","page","type-page","status-publish","hentry"],"uagb_featured_image_src":{"full":false,"thumbnail":false,"medium":false,"medium_large":false,"large":false,"1536x1536":false,"2048x2048":false},"uagb_author_info":{"display_name":"cnvtseadmin","author_link":"https:\/\/collectif-cnv-tse.net\/?author=1"},"uagb_comment_info":0,"uagb_excerpt":"&#8230; Lusia Markos Shammas\u00a0:\u00a0reconstruction et Paix (Irak),\u00a0El\u00e9onore D\u00e9taint\u00a0: transformer les r\u00e9cits et les organisations (France), Sabine Feuillet\u00a0:\u00a0conscientiser et sortir de la supr\u00e9matie blanche (France), Erika Leclerc-Marceau : docu-spectacles humoristiques\u00a0sur\u00a0nos (non)violences ordinaires\u00a0(France, Canada)&#8230;","_links":{"self":[{"href":"https:\/\/collectif-cnv-tse.net\/index.php?rest_route=\/wp\/v2\/pages\/1326","targetHints":{"allow":["GET"]}}],"collection":[{"href":"https:\/\/collectif-cnv-tse.net\/index.php?rest_route=\/wp\/v2\/pages"}],"about":[{"href":"https:\/\/collectif-cnv-tse.net\/index.php?rest_route=\/wp\/v2\/types\/page"}],"author":[{"embeddable":true,"href":"https:\/\/collectif-cnv-tse.net\/index.php?rest_route=\/wp\/v2\/users\/1"}],"replies":[{"embeddable":true,"href":"https:\/\/collectif-cnv-tse.net\/index.php?rest_route=%2Fwp%2Fv2%2Fcomments&post=1326"}],"version-history":[{"count":32,"href":"https:\/\/collectif-cnv-tse.net\/index.php?rest_route=\/wp\/v2\/pages\/1326\/revisions"}],"predecessor-version":[{"id":2211,"href":"https:\/\/collectif-cnv-tse.net\/index.php?rest_route=\/wp\/v2\/pages\/1326\/revisions\/2211"}],"wp:attachment":[{"href":"https:\/\/collectif-cnv-tse.net\/index.php?rest_route=%2Fwp%2Fv2%2Fmedia&parent=1326"}],"curies":[{"name":"wp","href":"https:\/\/api.w.org\/{rel}","templated":true}]}}