{"id":1322,"date":"2022-02-24T05:02:56","date_gmt":"2022-02-24T05:02:56","guid":{"rendered":"https:\/\/collectif-cnv-tse.net\/?page_id=1322"},"modified":"2024-04-03T17:05:28","modified_gmt":"2024-04-03T15:05:28","slug":"home","status":"publish","type":"page","link":"https:\/\/collectif-cnv-tse.net\/","title":{"rendered":"Home"},"content":{"rendered":"\n<div class=\"wp-block-uagb-container uagb-block-af5c4bbf alignfull uagb-is-root-container\"><div class=\"uagb-container__shape uagb-container__shape-bottom uagb-container__invert\" data-negative=\"false\"><svg xmlns=\"https:\/\/www.w3.org\/2000\/svg\" viewBox=\"0 0 937.5 120\" preserveAspectRatio=\"none\"><path class=\"uagb-container__shape-fill\" d=\"M937.5,124.3V0H0v124.3C0,100.8,227.4,2.9,578.9,4.1C926.9,0.3,937.5,100.4,937.5,124.3z\"><\/path><\/svg><\/div>\n<div class=\"wp-block-uagb-info-box uagb-block-148f82c9 uagb-infobox__content-wrap  uagb-infobox-icon-above-title uagb-infobox-image-valign-top wp-block-uagb-info-box--has-margin\"><div class=\"uagb-infobox-margin-wrapper\"><div class=\"uagb-ifb-content\"><div class=\"uagb-ifb-title-wrap\"><h5 class=\"uagb-ifb-title-prefix\">La Communication Non Violente au service des <\/h5><h1 class=\"uagb-ifb-title\"><strong>Transformations Sociales &amp; ecologique<\/strong>s<\/h1><\/div><div class=\"uagb-ifb-button-wrapper wp-block-button\"><a href=\"https:\/\/collectif-cnv-tse.net\/?page_id=1328\" class=\"uagb-infobox-cta-link wp-block-button__link\" target=\"_self\" rel=\"noopener noreferrer\" onclick=\"return true;\" alt=\"\"><span class=\"uagb-inline-editing\">Nous rejoindre !<\/span><\/a><\/div><\/div><\/div><\/div>\n<\/div>\n\n\n\n<div class=\"wp-block-uagb-container uagb-block-7fa74e1a alignfull uagb-is-root-container\"><div class=\"uagb-container-inner-blocks-wrap\">\n<div class=\"wp-block-uagb-container uagb-block-61eb9442\">\n<div class=\"wp-block-uagb-advanced-heading uagb-block-6b2a340c\"><h4 class=\"uagb-heading-text\">A Propos du collectif<\/h4><\/div>\n<\/div>\n\n\n\n<div class=\"wp-block-uagb-container uagb-block-14450fc8\">\n<div class=\"wp-block-uagb-container uagb-block-e65766f7\">\n<div class=\"wp-block-uagb-info-box uagb-block-ab5cbf3a uagb-infobox__content-wrap  uagb-infobox-icon-above-title uagb-infobox-image-valign-top\"><div class=\"uagb-ifb-content\"><div class=\"uagb-ifb-title-wrap\"><h3 class=\"uagb-ifb-title\">Qui ?<\/h3><\/div><p class=\"uagb-ifb-desc\">Le collectif CNV Transformations sociales et \u00e9cologiques (CNV-TSE) regroupe des personnes :<br>&#8211; pratiquant la <strong><em>Communication Non violente<\/em><\/strong> (CNV)<br>&#8211; ET impliqu\u00e9es dans un projet d\u2019action concret au service des <strong><em>transformations sociales et \u00e9cologiques<\/em><\/strong>.<br><\/p><\/div><\/div>\n<\/div>\n\n\n\n<div class=\"wp-block-uagb-container uagb-block-d52d3dd8\">\n<div class=\"wp-block-uagb-info-box uagb-block-45a97c25 uagb-infobox__content-wrap  uagb-infobox-icon-above-title uagb-infobox-image-valign-top\"><div class=\"uagb-ifb-content\"><div class=\"uagb-ifb-title-wrap\"><h3 class=\"uagb-ifb-title\">Quoi ?<\/h3><\/div><p class=\"uagb-ifb-desc\">C\u2019est un groupe&nbsp;de <strong><em>compagnonnage multiculturel francophone<\/em><\/strong> (10 pays sur trois continents) qui souhaite&nbsp;:<br>&#8211; <strong><em>S\u2019entraider<\/em><\/strong>, au sein du collectif, pour conserver et d\u00e9velopper une posture de non-violence au c\u0153ur de l\u2019action<br>&#8211; <strong><em>\u00c9changer<\/em><\/strong>, au-del\u00e0 du collectif, sur comment la CNV peut \u00eatre au service de la transformation des syst\u00e8mes socio-\u00e9cologiques<\/p><\/div><\/div>\n<\/div>\n<\/div>\n\n\n\n<div class=\"wp-block-uagb-info-box uagb-block-2721ab2a uagb-infobox__content-wrap  uagb-infobox-icon-above-title uagb-infobox-image-valign-top\"><div class=\"uagb-ifb-content\"><div class=\"uagb-ifb-title-wrap\"><\/div><div class=\"uagb-ifb-button-wrapper wp-block-button\"><a href=\"https:\/\/collectif-cnv-tse.net\/?page_id=1324\" class=\"uagb-infobox-cta-link wp-block-button__link\" target=\"_self\" rel=\"noopener noreferrer\" onclick=\"return true;\" alt=\"\"><span class=\"uagb-inline-editing\">Plus de d\u00e9tails&#8230;<\/span><\/a><\/div><\/div><\/div>\n<\/div><\/div>\n\n\n\n<div class=\"wp-block-uagb-container uagb-block-85225cf5 alignfull uagb-is-root-container\"><div class=\"uagb-container-inner-blocks-wrap\">\n<div class=\"inherit-container-width wp-block-group is-layout-constrained wp-block-group-is-layout-constrained\">\n<div class=\"wp-block-uagb-testimonial uagb-slick-carousel uagb-tm__arrow-outside uagb-block-4caacdb4 uagb-post__carousel_equal-height uag-blocks-common-selector\" style=\"--z-index-desktop:391;;--z-index-tablet:undefined;;--z-index-mobile:undefined;\"><div class=\"is-carousel uagb-tm__columns-2 uagb-tm__items\"><div class=\"uagb-testimonial__wrap  uagb-tm__imgicon-style-circle uagb-tm__image-position-top uagb-tm__bg-type-none \"><div class=\"uagb-tm__content\"><div class=\"uagb-tm__overlay\"><\/div><div class=\"uagb-tm__image-content\"><div class=\"uagb-tm__image\"><img decoding=\"async\" class=\"uagb-tm-img-src\" src=\"https:\/\/collectif-cnv-tse.net\/wp-content\/uploads\/2023\/08\/sophiue-150x150.png\" alt=\"\" width=\"100\" height=\"100\" loading=\"lazy\"\/><\/div><\/div><div class=\"uagb-tm__text-wrap\"><div class=\"uagb-tm__desc\">\u00ab\u00a0Nous sommes un groupe de compagnonnage multiculturel qui explorons ensemble diff\u00e9rentes formes de transformations sociales et \u00e9cologiques avec la CNV\u00a0\u00bb<\/div><div class=\"uagb-tm__meta-inner\"><div class=\"uagb-testimonial-details\"><span class=\"uagb-tm__author-name\">Sophie Lewandowski <\/span><span class=\"uagb-tm__company\"><\/span><\/div><\/div><\/div><\/div><\/div><div class=\"uagb-testimonial__wrap  uagb-tm__imgicon-style-circle uagb-tm__image-position-top uagb-tm__bg-type-none \"><div class=\"uagb-tm__content\"><div class=\"uagb-tm__overlay\"><\/div><div class=\"uagb-tm__image-content\"><div class=\"uagb-tm__image\"><img decoding=\"async\" class=\"uagb-tm-img-src\" src=\"https:\/\/collectif-cnv-tse.net\/wp-content\/uploads\/2024\/04\/emilie-chapuis-150x150.webp\" alt=\"\" width=\"100\" height=\"100\" loading=\"lazy\"\/><\/div><\/div><div class=\"uagb-tm__text-wrap\"><div class=\"uagb-tm__desc\">\u00ab\u00a0CNV-TSE est un espace de ressourcement et d\u2019entraide entre personnes qui agissent dans des secteurs diff\u00e9rents et des pays diff\u00e9rents. J\u2019aime cette diversit\u00e9 qui nous aide \u00e0 nous soutenir : nous ne sommes pas tous impact\u00e9s avec la m\u00eame intensit\u00e9 par les memes choses : l\u2019empathie est possible sans sombrer en sympathie\u00a0\u00bb<\/div><div class=\"uagb-tm__meta-inner\"><div class=\"uagb-testimonial-details\"><span class=\"uagb-tm__author-name\">Emilie Chapuis<\/span><span class=\"uagb-tm__company\"><\/span><\/div><\/div><\/div><\/div><\/div><div class=\"uagb-testimonial__wrap  uagb-tm__imgicon-style-circle uagb-tm__image-position-top uagb-tm__bg-type-none \"><div class=\"uagb-tm__content\"><div class=\"uagb-tm__overlay\"><\/div><div class=\"uagb-tm__image-content\"><div class=\"uagb-tm__image\"><img decoding=\"async\" class=\"uagb-tm-img-src\" src=\"https:\/\/collectif-cnv-tse.net\/wp-content\/uploads\/2023\/08\/haloisa-150x150.jpeg\" alt=\"\" width=\"100\" height=\"100\" loading=\"lazy\"\/><\/div><\/div><div class=\"uagb-tm__text-wrap\"><div class=\"uagb-tm__desc\">\u00ab\u00a0Du soutien. De la joie. De l\u2019espoir. De la connexion. Un groupe qui accompagne diff\u00e9rents projets vers les transformations sociales et \u00e9cologiques dans un esprit de cr\u00e9ation, d\u2019\u00e9coute et de partage, fond\u00e9 sur la puissance de la\u00a0non-violence\u00a0\u00bb<\/div><div class=\"uagb-tm__meta-inner\"><div class=\"uagb-testimonial-details\"><span class=\"uagb-tm__author-name\">Heloisa Gravina<\/span><span class=\"uagb-tm__company\"><\/span><\/div><\/div><\/div><\/div><\/div><div class=\"uagb-testimonial__wrap  uagb-tm__imgicon-style-circle uagb-tm__image-position-top uagb-tm__bg-type-none \"><div class=\"uagb-tm__content\"><div class=\"uagb-tm__overlay\"><\/div><div class=\"uagb-tm__image-content\"><div class=\"uagb-tm__image\"><img decoding=\"async\" class=\"uagb-tm-img-src\" src=\"https:\/\/collectif-cnv-tse.net\/wp-content\/uploads\/2024\/04\/TLA-ARR-150x150.png\" alt=\"\" width=\"100\" height=\"100\" loading=\"lazy\"\/><\/div><\/div><div class=\"uagb-tm__text-wrap\"><div class=\"uagb-tm__desc\">\u00ab\u00a0Le collectif de compagnonnage CNV-TSE est pour moi un lieu de partage, d&rsquo;inspiration et surtout un laboratoire pour les transformations soci\u00e9tales futures. \u00ab\u00a0<\/div><div class=\"uagb-tm__meta-inner\"><div class=\"uagb-testimonial-details\"><span class=\"uagb-tm__author-name\">Tarik Lara\u00efchi<\/span><span class=\"uagb-tm__company\"><\/span><\/div><\/div><\/div><\/div><\/div><div class=\"uagb-testimonial__wrap  uagb-tm__imgicon-style-circle uagb-tm__image-position-top uagb-tm__bg-type-none \"><div class=\"uagb-tm__content\"><div class=\"uagb-tm__overlay\"><\/div><div class=\"uagb-tm__image-content\"><div class=\"uagb-tm__image\"><img decoding=\"async\" class=\"uagb-tm-img-src\" src=\"https:\/\/collectif-cnv-tse.net\/wp-content\/uploads\/2023\/08\/leontine-150x150.jpg\" alt=\"\" width=\"100\" height=\"100\" loading=\"lazy\"\/><\/div><\/div><div class=\"uagb-tm__text-wrap\"><div class=\"uagb-tm__desc\">\u00ab\u00a0Vivre ubuntu, je suis parce que nous sommes.\u00a0\u00bb<\/div><div class=\"uagb-tm__meta-inner\"><div class=\"uagb-testimonial-details\"><span class=\"uagb-tm__author-name\">L\u00e9ontine<\/span><span class=\"uagb-tm__company\"><\/span><\/div><\/div><\/div><\/div><\/div><\/div><\/div>\n<\/div>\n<\/div><\/div>\n\n\n\n<footer class=\"wp-block-uagb-container uagb-block-3134467b alignfull uagb-is-root-container\">\n<div class=\"wp-block-uagb-info-box uagb-block-aca596c9 uagb-infobox__content-wrap  uagb-infobox-icon-above-title uagb-infobox-image-valign-top\"><div class=\"uagb-ifb-content\"><div class=\"uagb-ifb-title-wrap\"><h4 class=\"uagb-ifb-title\">QUESTIONS?<\/h4><\/div><p class=\"uagb-ifb-desc\"><strong>Des questions ? contactez nous !<\/strong><br><\/p><div class=\"uagb-ifb-button-wrapper wp-block-button\"><a href=\"https:\/\/collectif-cnv-tse.net\/?page_id=1328\" class=\"uagb-infobox-cta-link wp-block-button__link\" target=\"_self\" rel=\"noopener noreferrer\" onclick=\"return true;\" alt=\"\"><span class=\"uagb-inline-editing\">Contact<\/span><\/a><\/div><\/div><\/div>\n<\/footer>\n","protected":false},"excerpt":{"rendered":"<p>A Propos du collectif<\/p>\n","protected":false},"author":1,"featured_media":0,"parent":0,"menu_order":0,"comment_status":"closed","ping_status":"closed","template":"","meta":{"_uag_custom_page_level_css":"","site-sidebar-layout":"no-sidebar","site-content-layout":"page-builder","ast-site-content-layout":"full-width-container","site-content-style":"boxed","site-sidebar-style":"unboxed","ast-global-header-display":"","ast-banner-title-visibility":"","ast-main-header-display":"","ast-hfb-above-header-display":"","ast-hfb-below-header-display":"","ast-hfb-mobile-header-display":"","site-post-title":"disabled","ast-breadcrumbs-content":"","ast-featured-img":"disabled","footer-sml-layout":"","ast-disable-related-posts":"","theme-transparent-header-meta":"enabled","adv-header-id-meta":"","stick-header-meta":"","header-above-stick-meta":"","header-main-stick-meta":"","header-below-stick-meta":"","astra-migrate-meta-layouts":"set","ast-page-background-enabled":"default","ast-page-background-meta":{"desktop":{"background-color":"var(--ast-global-color-4)","background-image":"","background-repeat":"repeat","background-position":"center center","background-size":"auto","background-attachment":"scroll","background-type":"","background-media":"","overlay-type":"","overlay-color":"","overlay-opacity":"","overlay-gradient":""},"tablet":{"background-color":"","background-image":"","background-repeat":"repeat","background-position":"center center","background-size":"auto","background-attachment":"scroll","background-type":"","background-media":"","overlay-type":"","overlay-color":"","overlay-opacity":"","overlay-gradient":""},"mobile":{"background-color":"","background-image":"","background-repeat":"repeat","background-position":"center center","background-size":"auto","background-attachment":"scroll","background-type":"","background-media":"","overlay-type":"","overlay-color":"","overlay-opacity":"","overlay-gradient":""}},"ast-content-background-meta":{"desktop":{"background-color":"var(--ast-global-color-5)","background-image":"","background-repeat":"repeat","background-position":"center center","background-size":"auto","background-attachment":"scroll","background-type":"","background-media":"","overlay-type":"","overlay-color":"","overlay-opacity":"","overlay-gradient":""},"tablet":{"background-color":"var(--ast-global-color-5)","background-image":"","background-repeat":"repeat","background-position":"center center","background-size":"auto","background-attachment":"scroll","background-type":"","background-media":"","overlay-type":"","overlay-color":"","overlay-opacity":"","overlay-gradient":""},"mobile":{"background-color":"var(--ast-global-color-5)","background-image":"","background-repeat":"repeat","background-position":"center center","background-size":"auto","background-attachment":"scroll","background-type":"","background-media":"","overlay-type":"","overlay-color":"","overlay-opacity":"","overlay-gradient":""}},"footnotes":""},"class_list":["post-1322","page","type-page","status-publish","hentry"],"uagb_featured_image_src":{"full":false,"thumbnail":false,"medium":false,"medium_large":false,"large":false,"1536x1536":false,"2048x2048":false},"uagb_author_info":{"display_name":"cnvtseadmin","author_link":"https:\/\/collectif-cnv-tse.net\/?author=1"},"uagb_comment_info":0,"uagb_excerpt":"A Propos du collectif","_links":{"self":[{"href":"https:\/\/collectif-cnv-tse.net\/index.php?rest_route=\/wp\/v2\/pages\/1322","targetHints":{"allow":["GET"]}}],"collection":[{"href":"https:\/\/collectif-cnv-tse.net\/index.php?rest_route=\/wp\/v2\/pages"}],"about":[{"href":"https:\/\/collectif-cnv-tse.net\/index.php?rest_route=\/wp\/v2\/types\/page"}],"author":[{"embeddable":true,"href":"https:\/\/collectif-cnv-tse.net\/index.php?rest_route=\/wp\/v2\/users\/1"}],"replies":[{"embeddable":true,"href":"https:\/\/collectif-cnv-tse.net\/index.php?rest_route=%2Fwp%2Fv2%2Fcomments&post=1322"}],"version-history":[{"count":66,"href":"https:\/\/collectif-cnv-tse.net\/index.php?rest_route=\/wp\/v2\/pages\/1322\/revisions"}],"predecessor-version":[{"id":2199,"href":"https:\/\/collectif-cnv-tse.net\/index.php?rest_route=\/wp\/v2\/pages\/1322\/revisions\/2199"}],"wp:attachment":[{"href":"https:\/\/collectif-cnv-tse.net\/index.php?rest_route=%2Fwp%2Fv2%2Fmedia&parent=1322"}],"curies":[{"name":"wp","href":"https:\/\/api.w.org\/{rel}","templated":true}]}}